{"id":11,"date":"2022-10-29T09:42:20","date_gmt":"2022-10-29T07:42:20","guid":{"rendered":"http:\/\/www.apnee.codep45.fr\/?page_id=11"},"modified":"2024-02-12T18:30:31","modified_gmt":"2024-02-12T17:30:31","slug":"formations","status":"publish","type":"page","link":"http:\/\/www.apnee.codep45.fr\/?page_id=11","title":{"rendered":"Formations"},"content":{"rendered":"\n<p>Retrouvez sur cette page toutes les formations organis\u00e9es par la Commission Apn\u00e9e du CODEP45.<\/p>\n\n\n\n<p><blockquote class=\"wp-embedded-content\" data-secret=\"8DEp7QUVyU\"><a href=\"http:\/\/www.apnee.codep45.fr\/index.php\/2024\/02\/12\/formation-ael-2023-2024\/\">Formation AEL 2023\/2024<\/a><\/blockquote><iframe loading=\"lazy\" class=\"wp-embedded-content\" sandbox=\"allow-scripts\" security=\"restricted\" style=\"position: absolute; clip: rect(1px, 1px, 1px, 1px);\" title=\"\u00ab\u00a0Formation AEL 2023\/2024\u00a0\u00bb &#8212; Commission Apn\u00e9e CODEP45\" src=\"http:\/\/www.apnee.codep45.fr\/index.php\/2024\/02\/12\/formation-ael-2023-2024\/embed\/#?secret=Brt0qPuEk0#?secret=8DEp7QUVyU\" data-secret=\"8DEp7QUVyU\" width=\"600\" height=\"338\" frameborder=\"0\" marginwidth=\"0\" marginheight=\"0\" scrolling=\"no\"><\/iframe><\/p>\n\n\n\n<p><blockquote class=\"wp-embedded-content\" data-secret=\"EPPootX42f\"><a href=\"http:\/\/www.apnee.codep45.fr\/index.php\/2023\/12\/30\/formation-juge-federal-arbitre-1er-degre\/\">Formation Juge F\u00e9d\u00e9ral Arbitre 1er degr\u00e9<\/a><\/blockquote><iframe loading=\"lazy\" class=\"wp-embedded-content\" sandbox=\"allow-scripts\" security=\"restricted\" style=\"position: absolute; clip: rect(1px, 1px, 1px, 1px);\" title=\"\u00ab\u00a0Formation Juge F\u00e9d\u00e9ral Arbitre 1er degr\u00e9\u00a0\u00bb &#8212; Commission Apn\u00e9e CODEP45\" src=\"http:\/\/www.apnee.codep45.fr\/index.php\/2023\/12\/30\/formation-juge-federal-arbitre-1er-degre\/embed\/#?secret=OQ81oOAh8y#?secret=EPPootX42f\" data-secret=\"EPPootX42f\" width=\"600\" height=\"338\" frameborder=\"0\" marginwidth=\"0\" marginheight=\"0\" scrolling=\"no\"><\/iframe><\/p>\n\n\n\n<p><blockquote class=\"wp-embedded-content\" data-secret=\"LEB84vMleb\"><a href=\"http:\/\/www.apnee.codep45.fr\/index.php\/2023\/12\/09\/rifaa-2023-2024\/\">RIFAA 2023\/2024 [COMPLET]<\/a><\/blockquote><iframe loading=\"lazy\" class=\"wp-embedded-content\" sandbox=\"allow-scripts\" security=\"restricted\" style=\"position: absolute; clip: rect(1px, 1px, 1px, 1px);\" title=\"\u00ab\u00a0RIFAA 2023\/2024 [COMPLET]\u00a0\u00bb &#8212; Commission Apn\u00e9e CODEP45\" src=\"http:\/\/www.apnee.codep45.fr\/index.php\/2023\/12\/09\/rifaa-2023-2024\/embed\/#?secret=woSqWx3XkC#?secret=LEB84vMleb\" data-secret=\"LEB84vMleb\" width=\"600\" height=\"338\" frameborder=\"0\" marginwidth=\"0\" marginheight=\"0\" scrolling=\"no\"><\/iframe><\/p>\n\n\n\n<p><blockquote class=\"wp-embedded-content\" data-secret=\"O9LuByVXbu\"><a href=\"http:\/\/www.apnee.codep45.fr\/index.php\/2022\/10\/29\/formation-ael-2023\/\">Formation AEL 2022\/2023<\/a><\/blockquote><iframe loading=\"lazy\" class=\"wp-embedded-content\" sandbox=\"allow-scripts\" security=\"restricted\" style=\"position: absolute; clip: rect(1px, 1px, 1px, 1px);\" title=\"\u00ab\u00a0Formation AEL 2022\/2023\u00a0\u00bb &#8212; Commission Apn\u00e9e CODEP45\" src=\"http:\/\/www.apnee.codep45.fr\/index.php\/2022\/10\/29\/formation-ael-2023\/embed\/#?secret=caIHscmaJB#?secret=O9LuByVXbu\" data-secret=\"O9LuByVXbu\" width=\"600\" height=\"338\" frameborder=\"0\" marginwidth=\"0\" marginheight=\"0\" scrolling=\"no\"><\/iframe><\/p>\n","protected":false},"excerpt":{"rendered":"<p>Retrouvez sur cette page toutes les formations organis\u00e9es par la Commission Apn\u00e9e du CODEP45. Formation AEL 2023\/2024 Formation Juge F\u00e9d\u00e9ral Arbitre 1er degr\u00e9 RIFAA 2023\/2024 [COMPLET] Formation AEL 2022\/2023<\/p>\n","protected":false},"author":1,"featured_media":0,"parent":0,"menu_order":0,"comment_status":"closed","ping_status":"closed","template":"","meta":{"footnotes":""},"class_list":["post-11","page","type-page","status-publish","hentry"],"_links":{"self":[{"href":"http:\/\/www.apnee.codep45.fr\/index.php?rest_route=\/wp\/v2\/pages\/11","targetHints":{"allow":["GET"]}}],"collection":[{"href":"http:\/\/www.apnee.codep45.fr\/index.php?rest_route=\/wp\/v2\/pages"}],"about":[{"href":"http:\/\/www.apnee.codep45.fr\/index.php?rest_route=\/wp\/v2\/types\/page"}],"author":[{"embeddable":true,"href":"http:\/\/www.apnee.codep45.fr\/index.php?rest_route=\/wp\/v2\/users\/1"}],"replies":[{"embeddable":true,"href":"http:\/\/www.apnee.codep45.fr\/index.php?rest_route=%2Fwp%2Fv2%2Fcomments&post=11"}],"version-history":[{"count":11,"href":"http:\/\/www.apnee.codep45.fr\/index.php?rest_route=\/wp\/v2\/pages\/11\/revisions"}],"predecessor-version":[{"id":401,"href":"http:\/\/www.apnee.codep45.fr\/index.php?rest_route=\/wp\/v2\/pages\/11\/revisions\/401"}],"wp:attachment":[{"href":"http:\/\/www.apnee.codep45.fr\/index.php?rest_route=%2Fwp%2Fv2%2Fmedia&parent=11"}],"curies":[{"name":"wp","href":"https:\/\/api.w.org\/{rel}","templated":true}]}}