{"id":15,"date":"2022-10-29T11:30:32","date_gmt":"2022-10-29T09:30:32","guid":{"rendered":"http:\/\/www.apnee.codep45.fr\/?page_id=15"},"modified":"2023-11-05T14:45:14","modified_gmt":"2023-11-05T13:45:14","slug":"accueil","status":"publish","type":"page","link":"http:\/\/www.apnee.codep45.fr\/?page_id=15","title":{"rendered":"Accueil"},"content":{"rendered":"\n<p>La commission Apn\u00e9e du Codep 45 a pour objectif la d\u00e9couverte et le d\u00e9veloppement de la discipline au sein des clubs du d\u00e9partement du Loiret.<\/p>\n\n\n\n<p>Dans ce cadre, elle organise actuellement des formations d&rsquo;Apn\u00e9istes Eau libre, des sorties fosse et carri\u00e8re, des formations RIFAA. Elle propose d&rsquo;autres activit\u00e9s telles que des ateliers pour confectionner des plombs de cou ainsi que du pr\u00eat de mat\u00e9riel.<\/p>\n\n\n\n<p>Les membres de la commission sont \u00e0 l&rsquo;\u00e9coute des clubs et des sections apn\u00e9e de notre d\u00e9partement. N&rsquo;h\u00e9sitez pas \u00e0 leur faire part de vos souhaits en mati\u00e8re de formations, de mat\u00e9riel ou de toute autre demande.<\/p>\n\n\n\n<p>Ce site a pour objet de diffuser l\u2019information aupr\u00e8s de tous les licenci\u00e9s du Loiret : sorties, formations, \u00e9v\u00e9nements concernant l&rsquo;apn\u00e9e dans notre d\u00e9partement. La Commission Apn\u00e9e du CODEP45 \u00e9tant ouverte \u00e0 toute nouvelle suggestion dans l\u2019int\u00e9r\u00eat commun, vos remarques, questions ou propositions seront les bienvenues.<br><br><br>Vous pouvez nous suivre sur Facebook via le lien ci-dessous.<\/p>\n\n\n\n<ul class=\"wp-block-social-links is-layout-flex wp-block-social-links-is-layout-flex\"><li class=\"wp-social-link wp-social-link-facebook  wp-block-social-link\"><a href=\"https:\/\/www.facebook.com\/ApneeCODEP45\/\" class=\"wp-block-social-link-anchor\"><svg width=\"24\" height=\"24\" viewBox=\"0 0 24 24\" version=\"1.1\" xmlns=\"http:\/\/www.w3.org\/2000\/svg\" aria-hidden=\"true\" focusable=\"false\"><path d=\"M12 2C6.5 2 2 6.5 2 12c0 5 3.7 9.1 8.4 9.9v-7H7.9V12h2.5V9.8c0-2.5 1.5-3.9 3.8-3.9 1.1 0 2.2.2 2.2.2v2.5h-1.3c-1.2 0-1.6.8-1.6 1.6V12h2.8l-.4 2.9h-2.3v7C18.3 21.1 22 17 22 12c0-5.5-4.5-10-10-10z\"><\/path><\/svg><span class=\"wp-block-social-link-label screen-reader-text\">Facebook<\/span><\/a><\/li><\/ul>\n","protected":false},"excerpt":{"rendered":"<p>La commission Apn\u00e9e du Codep 45 a pour objectif la d\u00e9couverte et le d\u00e9veloppement de la discipline au sein des clubs du d\u00e9partement du Loiret. Dans ce cadre, elle organise actuellement des formations d&rsquo;Apn\u00e9istes Eau libre, des sorties fosse et &hellip; <a href=\"http:\/\/www.apnee.codep45.fr\/?page_id=15\">Continuer la lecture <span class=\"meta-nav\">&rarr;<\/span><\/a><\/p>\n","protected":false},"author":1,"featured_media":0,"parent":0,"menu_order":0,"comment_status":"closed","ping_status":"closed","template":"","meta":{"footnotes":""},"class_list":["post-15","page","type-page","status-publish","hentry"],"_links":{"self":[{"href":"http:\/\/www.apnee.codep45.fr\/index.php?rest_route=\/wp\/v2\/pages\/15","targetHints":{"allow":["GET"]}}],"collection":[{"href":"http:\/\/www.apnee.codep45.fr\/index.php?rest_route=\/wp\/v2\/pages"}],"about":[{"href":"http:\/\/www.apnee.codep45.fr\/index.php?rest_route=\/wp\/v2\/types\/page"}],"author":[{"embeddable":true,"href":"http:\/\/www.apnee.codep45.fr\/index.php?rest_route=\/wp\/v2\/users\/1"}],"replies":[{"embeddable":true,"href":"http:\/\/www.apnee.codep45.fr\/index.php?rest_route=%2Fwp%2Fv2%2Fcomments&post=15"}],"version-history":[{"count":4,"href":"http:\/\/www.apnee.codep45.fr\/index.php?rest_route=\/wp\/v2\/pages\/15\/revisions"}],"predecessor-version":[{"id":493,"href":"http:\/\/www.apnee.codep45.fr\/index.php?rest_route=\/wp\/v2\/pages\/15\/revisions\/493"}],"wp:attachment":[{"href":"http:\/\/www.apnee.codep45.fr\/index.php?rest_route=%2Fwp%2Fv2%2Fmedia&parent=15"}],"curies":[{"name":"wp","href":"https:\/\/api.w.org\/{rel}","templated":true}]}}