{"id":315,"date":"2023-12-13T22:28:10","date_gmt":"2023-12-13T21:28:10","guid":{"rendered":"http:\/\/www.apnee.codep45.fr\/?page_id=315"},"modified":"2025-02-14T19:00:43","modified_gmt":"2025-02-14T18:00:43","slug":"competions","status":"publish","type":"page","link":"http:\/\/www.apnee.codep45.fr\/?page_id=315","title":{"rendered":"Comp\u00e9titions"},"content":{"rendered":"<p><blockquote class=\"wp-embedded-content\" data-secret=\"vYw5sVvsAf\"><a href=\"http:\/\/www.apnee.codep45.fr\/?p=465\">Championnat d\u00e9partemental d&rsquo;apn\u00e9e du Loiret<\/a><\/blockquote><iframe loading=\"lazy\" class=\"wp-embedded-content\" sandbox=\"allow-scripts\" security=\"restricted\" style=\"position: absolute; visibility: hidden;\" title=\"\u00ab\u00a0Championnat d\u00e9partemental d&rsquo;apn\u00e9e du Loiret\u00a0\u00bb &#8212; Commission Apn\u00e9e CODEP45\" src=\"http:\/\/www.apnee.codep45.fr\/?p=465&#038;embed=true#?secret=tSj4KKEUW6#?secret=vYw5sVvsAf\" data-secret=\"vYw5sVvsAf\" width=\"600\" height=\"338\" frameborder=\"0\" marginwidth=\"0\" marginheight=\"0\" scrolling=\"no\"><\/iframe><\/p>\r\n<p><blockquote class=\"wp-embedded-content\" data-secret=\"9G0ysNbwLc\"><a href=\"http:\/\/www.apnee.codep45.fr\/?p=452\">Championnat R\u00e9gional Centre Apn\u00e9e le 2 mars 2025<\/a><\/blockquote><iframe loading=\"lazy\" class=\"wp-embedded-content\" sandbox=\"allow-scripts\" security=\"restricted\" style=\"position: absolute; visibility: hidden;\" title=\"\u00ab\u00a0Championnat R\u00e9gional Centre Apn\u00e9e le 2 mars 2025\u00a0\u00bb &#8212; Commission Apn\u00e9e CODEP45\" src=\"http:\/\/www.apnee.codep45.fr\/?p=452&#038;embed=true#?secret=eyAp4uVZ1U#?secret=9G0ysNbwLc\" data-secret=\"9G0ysNbwLc\" width=\"600\" height=\"338\" frameborder=\"0\" marginwidth=\"0\" marginheight=\"0\" scrolling=\"no\"><\/iframe><\/p>\r\n\r\n<p><blockquote class=\"wp-embedded-content\" data-secret=\"4Abw7d1DC3\"><a href=\"http:\/\/www.apnee.codep45.fr\/?p=458\">9i\u00e8me Troph\u00e9e d&rsquo;Apn\u00e9e Abyss Plong\u00e9e le 2 f\u00e9vrier 2025<\/a><\/blockquote><iframe loading=\"lazy\" class=\"wp-embedded-content\" sandbox=\"allow-scripts\" security=\"restricted\" style=\"position: absolute; visibility: hidden;\" title=\"\u00ab\u00a09i\u00e8me Troph\u00e9e d&rsquo;Apn\u00e9e Abyss Plong\u00e9e le 2 f\u00e9vrier 2025\u00a0\u00bb &#8212; Commission Apn\u00e9e CODEP45\" src=\"http:\/\/www.apnee.codep45.fr\/?p=458&#038;embed=true#?secret=kNHynJdOFC#?secret=4Abw7d1DC3\" data-secret=\"4Abw7d1DC3\" width=\"600\" height=\"338\" frameborder=\"0\" marginwidth=\"0\" marginheight=\"0\" scrolling=\"no\"><\/iframe><\/p>\r\n\r\n\r\n\r\n<p><blockquote class=\"wp-embedded-content\" data-secret=\"XDLbUw68XD\"><a href=\"http:\/\/www.apnee.codep45.fr\/?p=324\">8i\u00e8me Troph\u00e9e Apn\u00e9e Abyss Plong\u00e9e (37)<\/a><\/blockquote><iframe loading=\"lazy\" class=\"wp-embedded-content\" sandbox=\"allow-scripts\" security=\"restricted\" style=\"position: absolute; visibility: hidden;\" title=\"\u00ab\u00a08i\u00e8me Troph\u00e9e Apn\u00e9e Abyss Plong\u00e9e (37)\u00a0\u00bb &#8212; Commission Apn\u00e9e CODEP45\" src=\"http:\/\/www.apnee.codep45.fr\/?p=324&#038;embed=true#?secret=98XufjRsdi#?secret=XDLbUw68XD\" data-secret=\"XDLbUw68XD\" width=\"600\" height=\"338\" frameborder=\"0\" marginwidth=\"0\" marginheight=\"0\" scrolling=\"no\"><\/iframe><\/p>\r\n\r\n\r\n\r\n<p>&nbsp;<\/p>\r\n\r\n\r\n\r\n<p>&nbsp;<\/p>\r\n\r\n\r\n\r\n<pre class=\"wp-block-code\"><code><\/code><\/pre>\r\n","protected":false},"excerpt":{"rendered":"<p>Championnat d\u00e9partemental d&rsquo;apn\u00e9e du Loiret Championnat R\u00e9gional Centre Apn\u00e9e le 2 mars 2025 9i\u00e8me Troph\u00e9e d&rsquo;Apn\u00e9e Abyss Plong\u00e9e le 2 f\u00e9vrier 2025 8i\u00e8me Troph\u00e9e Apn\u00e9e Abyss Plong\u00e9e (37) &nbsp; &nbsp;<\/p>\n","protected":false},"author":1,"featured_media":0,"parent":0,"menu_order":0,"comment_status":"closed","ping_status":"closed","template":"","meta":{"footnotes":""},"class_list":["post-315","page","type-page","status-publish","hentry"],"_links":{"self":[{"href":"http:\/\/www.apnee.codep45.fr\/index.php?rest_route=\/wp\/v2\/pages\/315","targetHints":{"allow":["GET"]}}],"collection":[{"href":"http:\/\/www.apnee.codep45.fr\/index.php?rest_route=\/wp\/v2\/pages"}],"about":[{"href":"http:\/\/www.apnee.codep45.fr\/index.php?rest_route=\/wp\/v2\/types\/page"}],"author":[{"embeddable":true,"href":"http:\/\/www.apnee.codep45.fr\/index.php?rest_route=\/wp\/v2\/users\/1"}],"replies":[{"embeddable":true,"href":"http:\/\/www.apnee.codep45.fr\/index.php?rest_route=%2Fwp%2Fv2%2Fcomments&post=315"}],"version-history":[{"count":10,"href":"http:\/\/www.apnee.codep45.fr\/index.php?rest_route=\/wp\/v2\/pages\/315\/revisions"}],"predecessor-version":[{"id":497,"href":"http:\/\/www.apnee.codep45.fr\/index.php?rest_route=\/wp\/v2\/pages\/315\/revisions\/497"}],"wp:attachment":[{"href":"http:\/\/www.apnee.codep45.fr\/index.php?rest_route=%2Fwp%2Fv2%2Fmedia&parent=315"}],"curies":[{"name":"wp","href":"https:\/\/api.w.org\/{rel}","templated":true}]}}