{"id":40,"date":"2022-10-29T13:55:57","date_gmt":"2022-10-29T11:55:57","guid":{"rendered":"http:\/\/www.apnee.codep45.fr\/?page_id=40"},"modified":"2023-11-05T18:05:55","modified_gmt":"2023-11-05T17:05:55","slug":"sorties","status":"publish","type":"page","link":"http:\/\/www.apnee.codep45.fr\/?page_id=40","title":{"rendered":"Sorties"},"content":{"rendered":"\n<p>Notre comit\u00e9 organise des sorties fosse et carri\u00e8re afin de proposer aux licenci\u00e9s de notre d\u00e9partement la pratique de l&rsquo;apn\u00e9e en profondeur.<\/p>\n\n\n\n<p>Ces sorties se font le plus souvent \u00e0 la fosse de Montlu\u00e7on et \u00e0 la carri\u00e8re de la Graule.<\/p>\n","protected":false},"excerpt":{"rendered":"<p>Notre comit\u00e9 organise des sorties fosse et carri\u00e8re afin de proposer aux licenci\u00e9s de notre d\u00e9partement la pratique de l&rsquo;apn\u00e9e en profondeur. Ces sorties se font le plus souvent \u00e0 la fosse de Montlu\u00e7on et \u00e0 la carri\u00e8re de la &hellip; <a href=\"http:\/\/www.apnee.codep45.fr\/?page_id=40\">Continuer la lecture <span class=\"meta-nav\">&rarr;<\/span><\/a><\/p>\n","protected":false},"author":1,"featured_media":0,"parent":0,"menu_order":0,"comment_status":"closed","ping_status":"closed","template":"","meta":{"footnotes":""},"class_list":["post-40","page","type-page","status-publish","hentry"],"_links":{"self":[{"href":"http:\/\/www.apnee.codep45.fr\/index.php?rest_route=\/wp\/v2\/pages\/40","targetHints":{"allow":["GET"]}}],"collection":[{"href":"http:\/\/www.apnee.codep45.fr\/index.php?rest_route=\/wp\/v2\/pages"}],"about":[{"href":"http:\/\/www.apnee.codep45.fr\/index.php?rest_route=\/wp\/v2\/types\/page"}],"author":[{"embeddable":true,"href":"http:\/\/www.apnee.codep45.fr\/index.php?rest_route=\/wp\/v2\/users\/1"}],"replies":[{"embeddable":true,"href":"http:\/\/www.apnee.codep45.fr\/index.php?rest_route=%2Fwp%2Fv2%2Fcomments&post=40"}],"version-history":[{"count":3,"href":"http:\/\/www.apnee.codep45.fr\/index.php?rest_route=\/wp\/v2\/pages\/40\/revisions"}],"predecessor-version":[{"id":192,"href":"http:\/\/www.apnee.codep45.fr\/index.php?rest_route=\/wp\/v2\/pages\/40\/revisions\/192"}],"wp:attachment":[{"href":"http:\/\/www.apnee.codep45.fr\/index.php?rest_route=%2Fwp%2Fv2%2Fmedia&parent=40"}],"curies":[{"name":"wp","href":"https:\/\/api.w.org\/{rel}","templated":true}]}}